{"id":2444,"date":"2020-11-25T12:23:38","date_gmt":"2020-11-25T12:23:38","guid":{"rendered":"https:\/\/alexkoolitus.ee\/ru\/?post_type=product&#038;p=2444"},"modified":"2025-12-18T06:24:51","modified_gmt":"2025-12-18T06:24:51","slug":"b1-taseme-tasemeeksamiks-ettevalmistamisele-suunatud-eesti-keele-taienduskoolituse-oppekava-kopirovat","status":"publish","type":"product","link":"https:\/\/alexkoolitus.ee\/ru\/kurs\/b1-taseme-tasemeeksamiks-ettevalmistamisele-suunatud-eesti-keele-taienduskoolituse-oppekava\/","title":{"rendered":"B1-taseme tasemeeksamiks ettevalmistamisele suunatud eesti keele t\u00e4ienduskoolituse \u00f5ppekava"},"content":{"rendered":"<p>[vc_row][vc_column]<div class=\"porto-u-heading\" data-hspacer=\"line_only\" data-halign=\"left\" style=\"text-align:left\"><div class=\"porto-u-main-heading\"><h2 style=\"\">Koolitus<\/h2><\/div><div class=\"porto-u-heading-spacer line_only\" style=\"margin-bottom: 20px;height:1px;\"><span class=\"porto-u-headings-line\" style=\"border-style:solid;border-bottom-width:1px;border-color:#ccc;width:auto;margin-left: 0\"><\/span><\/div><div class=\"porto-u-sub-heading\" style=\"\">\n<table width=\"981\">\n<tbody>\n<tr>\n<td width=\"234\"><strong>Koolituse periood:<\/strong><\/td>\n<td width=\"747\">kokkuleppel<\/td>\n<\/tr>\n<tr>\n<td width=\"234\"><strong>\u00a0<\/strong><\/td>\n<td width=\"747\"><\/td>\n<\/tr>\n<tr>\n<td width=\"234\"><strong>Toimumise koht:<\/strong><\/td>\n<td width=\"747\">kokkuleppel<\/td>\n<\/tr>\n<tr>\n<td width=\"234\"><\/td>\n<td width=\"747\"><\/td>\n<\/tr>\n<tr>\n<td width=\"234\"><strong>\u00d5ppekava nimetus<\/strong><\/td>\n<td width=\"747\"><strong>B1-taseme tasemeeksamiks ettevalmistamisele suunatud eesti keele t\u00e4ienduskoolituse \u00f5ppekava<\/strong><\/td>\n<\/tr>\n<tr>\n<td width=\"234\"><strong>\u00d5ppekavar\u00fchm<\/strong><\/td>\n<td width=\"747\">Keele\u00f5pe<\/td>\n<\/tr>\n<tr>\n<td width=\"234\"><strong>\u00a0<\/strong><\/p>\n<p><strong>\u00d5piv\u00e4ljundid<\/strong><\/td>\n<td width=\"747\">\n<ul>\n<li>kuulamisel &#8211; saab kuulamisel aru tuttavate ja teda huvitavate teemade p\u00f5hisisust ja olulisematest \u00fcksikasjadest, raadio- ja telesaadete ning telefonik\u00f5nede p\u00f5hisisust;<\/li>\n<li>lugemisel &#8211; saab aru s\u00fcndmuste, m\u00f5tete ja soovide kirjeldusest isiklikes kirjades ning lihtsama s\u00f5nastusega tekstides;<\/li>\n<li>kirjutamisel &#8211; kirjutab lihtsate fraaside ja lausetega kirju, mis on seotud \u00f5pingute v\u00f5i t\u00f6\u00f6ga (nt seletuskiri, uudis, kommentaar) ning eristab isikliku ja ametliku kirja stiili;<\/li>\n<li>r\u00e4\u00e4kimisel &#8211; vestleb ettevalmistuseta talle tuttaval v\u00f5i olulisel teemal, kasutab liitlauseid, selgitab ja p\u00f5hjendab oma seisukohti.<\/li>\n<\/ul>\n<\/td>\n<\/tr>\n<tr>\n<td width=\"234\"><strong>\u00d5pingute alustamise tingimused<\/strong><\/td>\n<td width=\"747\">\n<ul>\n<li>\u00f5ppija registreerib ennast telefoni v\u00f5i e-posti teel;<\/li>\n<li>koolitaja m\u00e4\u00e4ratleb \u00f5ppija keeleoskuse taseme (vestlus+testimine: http:\/\/web.meis.ee\/testest\/);<\/li>\n<li>Innove A2-taseme riigikeele eksami sooritamise tasemetunnistuse esitamine;<\/li>\n<li>eesti keele A2-taseme kursuse l\u00e4bimise kohta tasemetunnistuse esitamine.<\/li>\n<\/ul>\n<\/td>\n<\/tr>\n<tr>\n<td width=\"234\"><strong>\u00a0<\/strong><\/p>\n<p><strong>\u00d5ppe kogumaht, sealhulgas auditoorse ja iseseisva t\u00f6\u00f6 osakaal<\/strong><\/td>\n<td width=\"747\">\u00d5ppe kogumaht on 280 akadeemilist tundi, millest 170 akadeemilist tundi on kontakt\u00f5pe ja 110 akadeemilist tundi on iseseisev t\u00f6\u00f6 (iseseisva t\u00f6\u00f6 k\u00e4igus omandatakse s\u00f5navara, kinnistatakse auditoorse t\u00f6\u00f6 k\u00e4igus k\u00e4sitletut, kasutatakse elava keelekeskkonna v\u00f5imalusi keeleoskuse arendamiseks. Peamised tegevused: uute s\u00f5nade \u00f5ppimine ja kinnistamine, kirjalike \u00fclesannete t\u00e4itmine, l\u00fchiettekannete ettevalmistamine, tekstide lugemine ja nende p\u00f5hjal k\u00fcsimuste esitamine, k\u00fcsimustele vastamine; eestikeelsest ajakirjandusest info otsimine, veebip\u00f5histe keeletestide tegemine (<a href=\"http:\/\/www.kutsekeel.ee\/\">http:\/\/www.kutsekeel.ee\/<\/a>, http:\/\/web.meis.ee\/testest\/).<\/td>\n<\/tr>\n<tr>\n<td width=\"234\"><strong>\u00a0<\/strong><\/p>\n<p><strong>\u00d5ppe sisu<\/strong><\/td>\n<td width=\"747\">\n<ul>\n<li><strong>Endast ja teistest r\u00e4\u00e4kimine. <\/strong>Iseenda ja teiste t\u00e4ielik kirjeldamine. Pere koosseis. P\u00e4ritolu. V\u00e4limus. Keelteoskus. Elukoht. Tegevusala. Amet. Haridustee. Huvivaldkonnad. Perekonnaseis. Oma l\u00e4hedastest jutustamine.<\/li>\n<li><strong>Haridus. <\/strong>K\u00f5rgkoolid ja t\u00e4iskasvanu\u00f5pe. Minu koolitee. Minu kooliaeg. Elukutse ja elukutsevalik. Oma koolit\u00f6\u00f6st, kooliajast ja \u00f5ppimisest jutustamine.<\/li>\n<li><strong>Elukutse, amet ja t\u00f6\u00f6. <\/strong>Ametivalik ja ametikohad. T\u00f6\u00f6tingimused. T\u00f6\u00f6kuulutused. Rutiinsed tegevused t\u00f6\u00f6l. Igap\u00e4evaelu-, t\u00f6\u00f6- v\u00f5i teenindusalase probleemi lahendamine. Minu t\u00f6\u00f6p\u00e4ev. Rutiinne t\u00f6\u00f6p\u00e4ev ja juhtumid. Ankeetide t\u00e4itmine.<\/li>\n<li><strong>Teenindus. <\/strong>Teave teeninduse kohta ja teabeallikad. Avaliku teeninduse kohta info hankimine. Teenuste tutvustus. Olme- ja kaubandusteenused. Teenindus poes. Teenindusasutuste asukoht, lahtiolekuajad. P\u00f6\u00f6rdumine klienditeenindaja poole.<\/li>\n<li><strong>Igap\u00e4evaelu, kodu ja kodukoht.<\/strong> Oma pere elu kodus, t\u00f6\u00f6l ja koolis kirjeldamine. Minu p\u00e4ev. Elukoht, elamistingimuste kohta teabe hankimine. Kodu ja \u00fcmbruskonna kirjeldus. K\u00fclaliste kutsumine ning k\u00fclask\u00e4igul nendega viisakusvestluse arendamine. Oma p\u00e4evakava korraldamine.<\/li>\n<li><strong>Enesetunne ja tervis. <\/strong>Enesetunne ja kaebused. Isiklik h\u00fcgieen. Isikliku h\u00fcgieeniga seotud toimingute kirjeldamine. Haiglasse, polikliinikusse, kiirabisse p\u00f6\u00f6rdumine. Oma halvast enesetundest teatamine. Tervislik eluviis. Apteegi k\u00fclastamine. Arstiabi. Tervisesport. Tasuta ja tasuline arstiabi.<\/li>\n<li><strong>Vaba aeg ja meelelahutus<\/strong>. Hobid, spordiga tegelemine, muuseumide, teatrite, kino k\u00fclastamine, matkamine. Teistelt vaba aja sisustamise viiside ja konkreetsete plaanide, meelelahutuste, kultuuriliste s\u00fcndmuste ning tervislike harrastuste kohta k\u00fcsimine. Teave tulevaste \u00fcrituste kohta. Kohalikud v\u00f5imalused. Vaba aja veetmise v\u00f5imalused, l\u00f5\u00f5gastus.<\/li>\n<li><strong>Sisseostud, hinnad. <\/strong>Pakutav kaup ja esmatarbekaubad. Poodide ja kaubanduskeskuste asukohad ja lahtiolekuajad. Igasuguste poodide kohta info hankimine. Pakutavad kaubad ja hinnad ning maksetingimused. Kaupade ja ostuv\u00f5imaluste kirjeldamine, ostudest jutustamine. Kodu l\u00e4heduses paiknevad poed. Igap\u00e4evased ostud.<\/li>\n<li><strong>Avalikud asutused<\/strong>. Politsei- ja Piirivalveamet. P\u00e4\u00e4steteenistus. Kiirabi. Ametiisiku lihtsaid, konkreetseid fakte puudutavatele k\u00fcsimustele vastamine. Lihtsatest juhtn\u00f6\u00f6ridest arusaamine. Oma isikuandmete t\u00e4itmine.<\/li>\n<li><strong>S\u00f6\u00f6k ja jook.<\/strong> S\u00f6\u00f6kide ja jookide tellimine. Info saamine teenuse osutajalt. Reklaami m\u00f5istmine. S\u00f6\u00f6gikohad. Teenindajalt, m\u00fc\u00fcjalt v\u00f5i vestluskaaslaselt info mingi kindla toidu v\u00f5i joogi kohta k\u00fcsimine ning samalaadse info teistele jagamine. Men\u00fc\u00fc. S\u00f6\u00f6gi ja joogi k\u00fcsimine, tellimine ning pakkumine.<\/li>\n<li><strong>Inimeste suhted \u00fchiskonnas.<\/strong> \u00dchiskondlikud \u00fcritused. Kollektiivne t\u00f6\u00f6. Oma r\u00fchmituse v\u00f5i organisatsiooni eesm\u00e4rkidest, tegevusest ja meeldej\u00e4\u00e4vatest s\u00fcndmustest jutustamine. K\u00e4itumistavad \u00fchiskonnas. S\u00f5bra v\u00f5i s\u00f5pruskonna kirjeldamine. Tegevustest ja meeldej\u00e4\u00e4vatest s\u00fcndmustest r\u00e4\u00e4kimine.<\/li>\n<li><strong>Keskkond, kohad, loodus, ilm.<\/strong> Vaatamisv\u00e4\u00e4rsused. Tee k\u00fcsimine ja juhatamine. Ilmastiku ja kliima kirjeldamine. Fauna ja floora. Looduskaitsealad. Eesti kaunimad paigad. Kodukoha plussid ja miinused.<\/li>\n<li><strong>Keel ja kultuur.<\/strong> Elu linnas ja maal. Riiklikud p\u00fchad. Kultuuris\u00fcndmused ja esinejad. Kultuuris\u00fcndmuste, neil esinejate jms kohta info hankimine. Kultuuris\u00fcndmuse, kino, teatri, n\u00e4ituse kirjeldamine.<\/li>\n<li><strong>Reisimine, transport, vaatamisv\u00e4\u00e4rsused. <\/strong>Reisid ja matkad. Piletite tellimine ja broneerimine. Koha, piirkonna v\u00f5i vaatamisv\u00e4\u00e4rsuse kirjeldamine ning selle kohta info k\u00fcsimine. Kaugs\u00f5idud (buss, lennuk, laev, rong). Linnatransport. Individuaaltransport.<\/li>\n<li><\/li>\n<li>Keeleteadmised: Nimis\u00f5na (k\u00e4\u00e4nded ainsuses ja mitmuses). Sihitise k\u00e4\u00e4nded. Tegus\u00f5na oleviku, liht- ja t\u00e4ismineviku vormid. Ma- ja da- tegevusnimi. Rektsioon. K\u00e4skiv ja tingiv k\u00f5neviis. P\u00f5hi- ja j\u00e4rgarvs\u00f5na k\u00e4\u00e4ndelised vormid. Omaduss\u00f5na v\u00f5rdlusastmed.<\/li>\n<\/ul>\n<\/td>\n<\/tr>\n<tr>\n<td width=\"234\"><strong>\u00a0<\/strong><\/p>\n<p><strong>\u00d5ppekeskkonna kirjeldus<\/strong><\/td>\n<td width=\"747\">Igas klassis on olemas istekohad ja lauad kirjat\u00f6\u00f6 jaoks k\u00f5igile \u00f5ppijatele, tool ja kirjutuslaud \u00f5petaja jaoks, kirjutustahvel, arvuti, projektor, audioseadmed harjutuste kuulamiseks, printer \u00f5ppematerjalide printimiseks. Ruumis on interneti\u00fchendus <em>online<\/em>-\u00f5ppematerjalide aktiivseks kasutamiseks. Toas on sobiv valgustus ja tuba tuulutatakse. \u00d5pe on suunatud maksimaalselt hea \u00f5pikeskkonna loomisele. Erakursused ettev\u00f5tetele\/asutustele toimuvad tellija-organisatsiooni ruumides.<\/td>\n<\/tr>\n<tr>\n<td width=\"234\"><strong>\u00a0<\/strong><\/p>\n<p><strong>\u00d5ppematerjalide loend<\/strong><\/td>\n<td width=\"747\"><strong>\u00a0<\/strong><strong>P\u00f5hi\u00f5ppematerjal: <\/strong><\/p>\n<ul>\n<li>\u201eSuhtleme Eestis. Eesti keele t\u00f6\u00f6vihik \u2013 B1.1\u201c, autor \u00dclle Rannut, Immisoft 2015<\/li>\n<li>\u201cSuhtleme Eestis. Eesti keele t\u00f6\u00f6vihik \u2013 B1.2\u201c, autor \u00dclle Rannut, Immisoft 2015<\/li>\n<li>\u201eTere taas! Eesti keele \u00f5pik A2 \u2013 B1 (B2)\u201c, autorid Merge Simmul, Inga Mangus, Kirjatark 2019<\/li>\n<\/ul>\n<p><strong>Lisa\u00f5ppematerjal: <\/strong><\/p>\n<ul>\n<li>\u201eTere J\u00e4lle! Eesti keele \u00f5pik A1 &#8211; A2 (B1)\u201c, autorid Merge Simmul, Inga Mangus (https:\/\/kirjatark.ee\/tere-jalle\/), Kirjatark 2019<\/li>\n<\/ul>\n<p><strong>Elektrooniline \u00f5ppematerjal:<\/strong><\/p>\n<ul>\n<li>Eesti keele e-kursus vene keele baasil (B1): (<a href=\"https:\/\/www.keeletee.ee\/\">https:\/\/www.keeletee.ee\/<\/a>)<\/li>\n<li>Eesti \u2013 vene s\u00f5naraamat: <a href=\"http:\/\/www.eki.ee\/dict\/evs\/\">http:\/\/www.eki.ee\/dict\/evs\/<\/a><\/li>\n<li>Eesti keele test: https:\/\/viktoriin.meis.ee\/soeltest\/<\/li>\n<li>Eesti keele oskuse arendamise v\u00f5imalused: https:\/\/www.meis.ee\/, http:\/\/web.meis.ee\/testest\/<\/li>\n<li><a href=\"http:\/\/www.efant.ee\/std\/\">http:\/\/www.efant.ee\/std\/<\/a><\/li>\n<li><a href=\"https:\/\/www.innove.ee\/eksamid-ja-testid\/eesti-keele-tasemeeksamid\/\">https:\/\/www.innove.ee\/eksamid-ja-testid\/eesti-keele-tasemeeksamid\/<\/a><\/li>\n<li><a href=\"http:\/\/kohanemisprogramm.tlu.ee\/\">http:\/\/kohanemisprogramm.tlu.ee\/<\/a><\/li>\n<li><a href=\"https:\/\/www.integratsioon.ee\/raamatukogu\">https:\/\/www.integratsioon.ee\/raamatukogu<\/a><\/li>\n<li><a href=\"https:\/\/www.laulud.ee\/\">https:\/\/www.laulud.ee\/<\/a><\/li>\n<li><a style=\"font-family: inherit; font-size: inherit;\" href=\"http:\/\/www.kutsekeel.ee\/\">http:\/\/www.kutsekeel.ee\/<\/a><\/li>\n<\/ul>\n<\/td>\n<\/tr>\n<tr>\n<td width=\"234\"><strong>\u00a0<\/strong><\/p>\n<p><strong>L\u00f5petamise tingimused ja v\u00e4ljastatavad dokumendid<\/strong><\/td>\n<td width=\"747\">Kursuse l\u00f5pus tuleb sooritada eksam\/B1-taseme test, mis sisaldab kirjutamist, kuulamist, lugemist ja r\u00e4\u00e4kimist \u00f5pitud teemadel.<\/p>\n<p>Eksam on edukalt sooritatud, kui v\u00e4hemalt 70% vastuseid on \u00f5iged.<\/p>\n<p>91% \u2013 100% \u00f5igeid vastuseid \u2013 \u201e5\u201c (suurep\u00e4rane);<\/p>\n<p>81% \u2013 90% \u00f5igeid vastuseid \u2013 \u201e4\u201c (hea);<\/p>\n<p>70% \u2013 80% \u00f5igeid vastuseid \u2013 \u201e3\u201c (rahuldav).<\/p>\n<p>Keelekursusel osalemise v\u00f5i selle l\u00e4bimise kohta v\u00e4ljastatakse \u00f5ppijale T\u00f5end v\u00f5i Tunnistus:<\/p>\n<p>a. Tunnistus v\u00e4ljastatakse \u00f5ppijale juhul, kui \u00f5ppija on osalenud v\u00e4hemalt 70% ulatuses \u00f5ppetundidest ja on saavutanud k\u00f5ik \u00f5ppekava l\u00f5petamiseks n\u00f5utud \u00f5piv\u00e4ljundid.<\/p>\n<p>b. T\u00f5end v\u00e4ljastatakse juhul, kui \u00f5ppija on v\u00f5tnud osa \u00f5ppet\u00f6\u00f6st kohapeal v\u00e4hem kui 70% ulatuses v\u00f5i juhul, kui t\u00e4itmata on \u00fcks v\u00f5i mitu muud kursuse l\u00f5petamise jaoks vajalikku tingimust.<\/p>\n<p>Tunnistus ja t\u00f5end vastavad Haridus- ja Teadusministeeriumi n\u00f5uetele (https:\/\/www.hm.ee\/sites\/default\/files\/htm_taiendk_juhendmaterjal.pdf).<\/td>\n<\/tr>\n<tr>\n<td width=\"234\"><strong>Koolituse l\u00e4biviimiseks vajaliku kvalifikatsiooni, \u00f5pi- v\u00f5i t\u00f6\u00f6kogemuse kirjeldus<\/strong><\/td>\n<td width=\"747\">Koolitusettev\u00f5tte eesti keele \u00f5petajatel on olemas eesti keele kui v\u00f5\u00f5rkeele \u00f5petamise kvalifikatsioon v\u00f5i muu haridus eesti keele filoloogia valdkonnas ja\/v\u00f5i varasem t\u00e4iskasvanutele eesti keele \u00f5petamise kogemus.<\/td>\n<\/tr>\n<\/tbody>\n<\/table>\n<div class=\"porto-u-heading \" data-hspacer=\"line_only\" data-halign=\"left\">\n<div class=\"porto-u-sub-heading\">\n<p style=\"text-align: left;\">\n<\/div>\n<\/div>\n<p><\/div><\/div>[vc_empty_space][\/vc_column][\/vc_row]<\/p>\n","protected":false},"excerpt":{"rendered":"<p><span style=\"font-size: 12px;\">kokkuleppel<\/span><\/p>\n","protected":false},"featured_media":2659,"template":"","meta":[],"product_cat":[116],"product_tag":[],"_links":{"self":[{"href":"https:\/\/alexkoolitus.ee\/ru\/wp-json\/wp\/v2\/product\/2444"}],"collection":[{"href":"https:\/\/alexkoolitus.ee\/ru\/wp-json\/wp\/v2\/product"}],"about":[{"href":"https:\/\/alexkoolitus.ee\/ru\/wp-json\/wp\/v2\/types\/product"}],"wp:featuredmedia":[{"embeddable":true,"href":"https:\/\/alexkoolitus.ee\/ru\/wp-json\/wp\/v2\/media\/2659"}],"wp:attachment":[{"href":"https:\/\/alexkoolitus.ee\/ru\/wp-json\/wp\/v2\/media?parent=2444"}],"wp:term":[{"taxonomy":"product_cat","embeddable":true,"href":"https:\/\/alexkoolitus.ee\/ru\/wp-json\/wp\/v2\/product_cat?post=2444"},{"taxonomy":"product_tag","embeddable":true,"href":"https:\/\/alexkoolitus.ee\/ru\/wp-json\/wp\/v2\/product_tag?post=2444"}],"curies":[{"name":"wp","href":"https:\/\/api.w.org\/{rel}","templated":true}]}}