{"id":2646,"date":"2025-01-27T12:42:44","date_gmt":"2025-01-27T12:42:44","guid":{"rendered":"https:\/\/alexkoolitus.ee\/ru\/?post_type=product&#038;p=2646"},"modified":"2026-04-15T10:48:59","modified_gmt":"2026-04-15T10:48:59","slug":"autocad-3d-edasijoudnutele","status":"publish","type":"product","link":"https:\/\/alexkoolitus.ee\/et\/kurs\/autocad-3d-edasijoudnutele-2\/","title":{"rendered":"AutoCad 3D (edasij\u00f5udnutele)"},"content":{"rendered":"<p>[vc_row][vc_column]<div class=\"porto-u-heading\" data-hspacer=\"line_only\" data-halign=\"left\" style=\"text-align:left\"><div class=\"porto-u-main-heading\"><h2 style=\"\">Koolitus<\/h2><\/div><div class=\"porto-u-heading-spacer line_only\" style=\"margin-bottom: 20px;height:1px;\"><span class=\"porto-u-headings-line\" style=\"border-style:solid;border-bottom-width:1px;border-color:#ccc;width:auto;margin-left: 0\"><\/span><\/div><div class=\"porto-u-sub-heading\" style=\"\">\n<table width=\"706\">\n<tbody>\n<tr>\n<td width=\"213\"><strong>\u00d5ppekava nimetus<\/strong><\/td>\n<td width=\"493\">AutoCad 3D (edasij\u00f5udnutele)<\/td>\n<\/tr>\n<tr>\n<td width=\"213\"><strong>\u00d5piv\u00e4ljundid<\/strong><\/p>\n<p>&nbsp;<\/td>\n<td width=\"493\">Koolituse l\u00f5petanu:<br \/>\n&#8211; teab 3D v\u00f5imalusi,<br \/>\n&#8211; kasutab 3D objektide loomiseks m\u00f5eldud t\u00f6\u00f6riistu,<br \/>\n&#8211; muudab 2D jooniseid kolmem\u00f5\u00f5tmeliseks,<br \/>\n&#8211; genereerib fotorealistlike pilte,<br \/>\n&#8211; genereerib filmil\u00f5igu.<\/td>\n<\/tr>\n<tr>\n<td width=\"213\"><strong>\u00d5ppe kogumaht <\/strong><\/td>\n<td width=\"493\">100 akadeemilist tundi, millest 54 ak.t. kontakt\u00f5pet ja 46 ak.t. iseseisvat t\u00f6\u00f6d<\/td>\n<\/tr>\n<tr>\n<td width=\"213\"><strong>\u00d5ppekava<\/strong><\/td>\n<td width=\"493\"><a href=\"https:\/\/alexkoolitus.ee\/wp-content\/uploads\/2025\/02\/AutoCad-3D-edasijoudnutele.pdf\">AutoCad 3D (edasij\u00f5udnutele)<\/a><\/td>\n<\/tr>\n<tr>\n<td width=\"213\"><strong>\u00d5ppekeskkonna kirjeldus<\/strong><\/td>\n<td width=\"493\">Online kursus toimub Skype`i, Zoomi teel.<\/td>\n<\/tr>\n<tr>\n<td width=\"213\"><strong>Kursuse maksumus<\/strong><\/td>\n<td width=\"493\">1198,80 euro.<\/td>\n<\/tr>\n<tr>\n<td width=\"213\"><strong>Koolituse l\u00e4biviimiseks <\/strong><strong>valjaliku kvalifikatsiooni, <\/strong><strong>\u00f5pi- v\u00f5i t\u00f6\u00f6kogemuse <\/strong><strong>kirjeldus koolitaja<\/strong><\/td>\n<td width=\"493\">K\u00f5ikidel koolitajatel on omandanud t\u00f5endatud kvalifikatsioon koolitamisalal.<\/td>\n<\/tr>\n<\/tbody>\n<\/table>\n<p><\/div><\/div>[vc_empty_space][\/vc_column][\/vc_row]<\/p>","protected":false},"excerpt":{"rendered":"<p><span style=\"font-size: 12px;\">kokkuleppel<\/span><\/p>\n","protected":false},"featured_media":2643,"template":"","meta":[],"product_cat":[117],"product_tag":[],"_links":{"self":[{"href":"https:\/\/alexkoolitus.ee\/et\/wp-json\/wp\/v2\/product\/2646"}],"collection":[{"href":"https:\/\/alexkoolitus.ee\/et\/wp-json\/wp\/v2\/product"}],"about":[{"href":"https:\/\/alexkoolitus.ee\/et\/wp-json\/wp\/v2\/types\/product"}],"wp:featuredmedia":[{"embeddable":true,"href":"https:\/\/alexkoolitus.ee\/et\/wp-json\/wp\/v2\/media\/2643"}],"wp:attachment":[{"href":"https:\/\/alexkoolitus.ee\/et\/wp-json\/wp\/v2\/media?parent=2646"}],"wp:term":[{"taxonomy":"product_cat","embeddable":true,"href":"https:\/\/alexkoolitus.ee\/et\/wp-json\/wp\/v2\/product_cat?post=2646"},{"taxonomy":"product_tag","embeddable":true,"href":"https:\/\/alexkoolitus.ee\/et\/wp-json\/wp\/v2\/product_tag?post=2646"}],"curies":[{"name":"wp","href":"https:\/\/api.w.org\/{rel}","templated":true}]}}