{"id":2641,"date":"2025-01-27T12:06:12","date_gmt":"2025-01-27T12:06:12","guid":{"rendered":"https:\/\/alexkoolitus.ee\/ru\/?post_type=product&#038;p=2641"},"modified":"2026-04-15T10:47:51","modified_gmt":"2026-04-15T10:47:51","slug":"adobe-photoshop-adobe-illustrator-indesign-koolitus","status":"publish","type":"product","link":"https:\/\/alexkoolitus.ee\/et\/kurs\/adobe-photoshop-adobe-illustrator-indesign-koolitus\/","title":{"rendered":"Adobe Photoshop, Adobe Illustrator, InDesign algkoolitus"},"content":{"rendered":"<p>[vc_row][vc_column]<div class=\"porto-u-heading\" data-hspacer=\"line_only\" data-halign=\"left\" style=\"text-align:left\"><div class=\"porto-u-main-heading\"><h2 style=\"\">Koolitus<\/h2><\/div><div class=\"porto-u-heading-spacer line_only\" style=\"margin-bottom: 20px;height:1px;\"><span class=\"porto-u-headings-line\" style=\"border-style:solid;border-bottom-width:1px;border-color:#ccc;width:auto;margin-left: 0\"><\/span><\/div><div class=\"porto-u-sub-heading\" style=\"\">\n<table width=\"765\">\n<tbody>\n<tr>\n<td width=\"213\"><strong>\u00d5ppekava nimetus<\/strong><strong>\u00a0<\/strong><\/td>\n<td width=\"552\">Adobe Photoshop, Adobe Illustrator, InDesign algkoolitus<\/td>\n<\/tr>\n<tr>\n<td width=\"213\"><strong>\u00d5piv\u00e4ljundid<\/strong><\/p>\n<p>&nbsp;<\/td>\n<td width=\"552\">Koolituse l\u00f5petanu:<br \/>\n&#8211; teab rakenduste erinevusi,<br \/>\n&#8211; koostab ja kujundab flaiereid, postkaarte, visiitkaarte, logosid jms, arvestades vajalikke n\u00f5udeid,<br \/>\n&#8211; teab missugust rakendust ja millal kasutada disainit\u00f6\u00f6s,<br \/>\n&#8211; validab kujutise salvestamisel ja eksportimisel optimaalne failivorming,<br \/>\n&#8211; teostab kvaliteetset fotode ja muude graafilise disaini t\u00f6\u00f6de.<\/td>\n<\/tr>\n<tr>\n<td width=\"213\"><strong>\u00d5ppe kogumaht <\/strong><\/td>\n<td width=\"552\">100 akadeemilist tundi, millest 54 ak.t. kontakt\u00f5pet ja 46 ak.t. iseseisvat t\u00f6\u00f6d<\/td>\n<\/tr>\n<tr>\n<td width=\"213\"><strong>\u00d5ppekava <\/strong><\/td>\n<td width=\"552\"><a href=\"https:\/\/alexkoolitus.ee\/wp-content\/uploads\/2025\/02\/Adobe-Photoshop-Adobe-Illustrator-InDesign-algkoolitus.pdf\">Adobe Photoshop, Adobe Illustrator, InDesign algkoolitus<\/a><\/td>\n<\/tr>\n<tr>\n<td width=\"213\"><strong>\u00d5ppekeskkonna kirjeldus<\/strong><\/td>\n<td width=\"552\">Online kursus toimub Skype`i, Zoomi teel.<\/td>\n<\/tr>\n<tr>\n<td width=\"213\"><strong>Kursuse maksumus<\/strong><\/td>\n<td width=\"552\">1198,80 euro.<\/td>\n<\/tr>\n<tr>\n<td width=\"213\"><strong>Koolituse l\u00e4biviimiseks <\/strong><strong>valjaliku kvalifikatsiooni, <\/strong><strong>\u00f5pi- v\u00f5i t\u00f6\u00f6kogemuse <\/strong><strong>kirjeldus koolitaja<\/strong><\/td>\n<td width=\"552\">K\u00f5ikidel koolitajatel on omandanud t\u00f5endatud kvalifikatsioon koolitamisalal.<\/td>\n<\/tr>\n<\/tbody>\n<\/table>\n<p><\/div><\/div>[vc_empty_space][\/vc_column][\/vc_row]<\/p>","protected":false},"excerpt":{"rendered":"<p><span style=\"font-size: 12px;\">kokkuleppel<\/span><\/p>\n","protected":false},"featured_media":2639,"template":"","meta":[],"product_cat":[117],"product_tag":[],"_links":{"self":[{"href":"https:\/\/alexkoolitus.ee\/et\/wp-json\/wp\/v2\/product\/2641"}],"collection":[{"href":"https:\/\/alexkoolitus.ee\/et\/wp-json\/wp\/v2\/product"}],"about":[{"href":"https:\/\/alexkoolitus.ee\/et\/wp-json\/wp\/v2\/types\/product"}],"wp:featuredmedia":[{"embeddable":true,"href":"https:\/\/alexkoolitus.ee\/et\/wp-json\/wp\/v2\/media\/2639"}],"wp:attachment":[{"href":"https:\/\/alexkoolitus.ee\/et\/wp-json\/wp\/v2\/media?parent=2641"}],"wp:term":[{"taxonomy":"product_cat","embeddable":true,"href":"https:\/\/alexkoolitus.ee\/et\/wp-json\/wp\/v2\/product_cat?post=2641"},{"taxonomy":"product_tag","embeddable":true,"href":"https:\/\/alexkoolitus.ee\/et\/wp-json\/wp\/v2\/product_tag?post=2641"}],"curies":[{"name":"wp","href":"https:\/\/api.w.org\/{rel}","templated":true}]}}