{"id":2418,"date":"2020-01-29T07:08:27","date_gmt":"2020-01-29T07:08:27","guid":{"rendered":"https:\/\/alexkoolitus.ee\/ru\/?post_type=product&#038;p=2418"},"modified":"2025-01-27T13:36:25","modified_gmt":"2025-01-27T13:36:25","slug":"inglse-keel-b1","status":"publish","type":"product","link":"https:\/\/alexkoolitus.ee\/et\/kurs\/inglise-keel-b1\/","title":{"rendered":"Inglise keel B1"},"content":{"rendered":"<p>[vc_row][vc_column]<div class=\"porto-u-heading\" data-hspacer=\"line_only\" data-halign=\"left\" style=\"text-align:left\"><div class=\"porto-u-main-heading\"><h2 style=\"\">Koolitus<\/h2><\/div><div class=\"porto-u-heading-spacer line_only\" style=\"margin-bottom: 20px;height:1px;\"><span class=\"porto-u-headings-line\" style=\"border-style:solid;border-bottom-width:1px;border-color:#ccc;width:auto;margin-left: 0\"><\/span><\/div><div class=\"porto-u-sub-heading\" style=\"\">\n<table width=\"981\">\n<tbody>\n<tr>\n<td width=\"234\"><strong>Koolituse periood:<\/strong><\/td>\n<td width=\"747\">kokkuleppel<\/td>\n<\/tr>\n<tr>\n<td width=\"234\"><strong>\u00a0<\/strong><\/td>\n<td width=\"747\"><\/td>\n<\/tr>\n<tr>\n<td width=\"234\"><strong>Toimumise koht:<\/strong><\/td>\n<td width=\"747\">A.Lauteri tn 1, Tallinn linn<br \/>\nTiimani 1, Narva linn<br \/>\nRakvere 17, J\u00f5hvi linn<\/td>\n<\/tr>\n<tr>\n<td width=\"234\"><strong>Hind\u00a0<\/strong><\/td>\n<td width=\"747\">1600,00 euro<\/td>\n<\/tr>\n<tr>\n<td width=\"234\"><strong>\u00d5ppekava nimetus<\/strong><\/td>\n<td width=\"747\"><strong>Inglise keel B1<\/strong><\/td>\n<\/tr>\n<tr>\n<td width=\"234\"><strong>\u00d5ppekavar\u00fchm<\/strong><\/td>\n<td width=\"747\">Keele\u00f5pe<\/td>\n<\/tr>\n<tr>\n<td width=\"234\"><strong>\u00d5ppe kogumaht, sealhulgas auditoorse ja iseseisva t\u00f6\u00f6 osakaal<\/strong><\/td>\n<td width=\"747\">160 ak.t., (80 t. on kontakt\u00f5pet, 80 t. on iseseisvat t\u00f6\u00f6d)<\/td>\n<\/tr>\n<tr>\n<td width=\"234\"><strong>\u00d5ppekava<\/strong><\/td>\n<td width=\"747\"><a href=\"https:\/\/alexkoolitus.ee\/wp-content\/uploads\/2021\/02\/Inglise-keel-B1.pdf\">Inglise keel B1<\/a><\/td>\n<\/tr>\n<tr>\n<td width=\"234\"><strong>Koolituse l\u00e4biviimiseks vajaliku kvalifikatsiooni, \u00f5pi- v\u00f5i t\u00f6\u00f6kogemuse kirjeldus<\/strong><\/td>\n<td width=\"747\">Koolitusettev\u00f5tte inglise keele \u00f5petajatel on olemas inglise keele kui v\u00f5\u00f5rkeele \u00f5petamise kvalifikatsioon v\u00f5i muu haridus inglise keele filoloogia valdkonnas ja\/v\u00f5i varasem t\u00e4iskasvanutele inglise \u00f5petamise kogemus.<\/td>\n<\/tr>\n<\/tbody>\n<\/table>\n<p>&nbsp;<\/p>\n<div class=\"porto-u-heading \" data-hspacer=\"line_only\" data-halign=\"left\">\n<div class=\"porto-u-sub-heading\">\n<p style=\"text-align: left;\">\n<\/div>\n<\/div>\n<p><\/div><\/div>[vc_empty_space][\/vc_column][\/vc_row]<\/p>","protected":false},"excerpt":{"rendered":"<p style=\"font-weight: 400;\"><span style=\"font-size: 12px;\">kokkuleppel<\/span><\/p>\n","protected":false},"featured_media":2345,"template":"","meta":[],"product_cat":[116],"product_tag":[],"_links":{"self":[{"href":"https:\/\/alexkoolitus.ee\/et\/wp-json\/wp\/v2\/product\/2418"}],"collection":[{"href":"https:\/\/alexkoolitus.ee\/et\/wp-json\/wp\/v2\/product"}],"about":[{"href":"https:\/\/alexkoolitus.ee\/et\/wp-json\/wp\/v2\/types\/product"}],"wp:featuredmedia":[{"embeddable":true,"href":"https:\/\/alexkoolitus.ee\/et\/wp-json\/wp\/v2\/media\/2345"}],"wp:attachment":[{"href":"https:\/\/alexkoolitus.ee\/et\/wp-json\/wp\/v2\/media?parent=2418"}],"wp:term":[{"taxonomy":"product_cat","embeddable":true,"href":"https:\/\/alexkoolitus.ee\/et\/wp-json\/wp\/v2\/product_cat?post=2418"},{"taxonomy":"product_tag","embeddable":true,"href":"https:\/\/alexkoolitus.ee\/et\/wp-json\/wp\/v2\/product_tag?post=2418"}],"curies":[{"name":"wp","href":"https:\/\/api.w.org\/{rel}","templated":true}]}}